{"id":5170,"date":"2026-04-24T08:54:28","date_gmt":"2026-04-24T11:54:28","guid":{"rendered":"https:\/\/gartenrs.com.br\/produto\/bloco-para-anotacao-com-60-fls-anote-mae-lavanda-145x11\/"},"modified":"2026-04-27T16:21:43","modified_gmt":"2026-04-27T19:21:43","slug":"bloco-para-anotacao-com-60-fls-anote-mae-lavanda-145x11","status":"publish","type":"product","link":"https:\/\/gartenrs.com.br\/home\/produto\/bloco-para-anotacao-com-60-fls-anote-mae-lavanda-145x11\/","title":{"rendered":"BLOCO PARA ANOTA\u00c7\u00c3O COM 60 FLS ANOTE&#8230;M\u00c3E LAVANDA 14,5X11"},"content":{"rendered":"","protected":false},"excerpt":{"rendered":"","protected":false},"featured_media":5855,"template":"","meta":{"_joinchat":[]},"product_brand":[],"product_cat":[15],"product_tag":[],"class_list":{"0":"post-5170","1":"product","2":"type-product","3":"status-publish","4":"has-post-thumbnail","6":"product_cat-sem-categoria","8":"first","9":"instock","10":"shipping-taxable","11":"purchasable","12":"product-type-simple"},"_links":{"self":[{"href":"https:\/\/gartenrs.com.br\/home\/wp-json\/wp\/v2\/product\/5170","targetHints":{"allow":["GET"]}}],"collection":[{"href":"https:\/\/gartenrs.com.br\/home\/wp-json\/wp\/v2\/product"}],"about":[{"href":"https:\/\/gartenrs.com.br\/home\/wp-json\/wp\/v2\/types\/product"}],"wp:featuredmedia":[{"embeddable":true,"href":"https:\/\/gartenrs.com.br\/home\/wp-json\/wp\/v2\/media\/5855"}],"wp:attachment":[{"href":"https:\/\/gartenrs.com.br\/home\/wp-json\/wp\/v2\/media?parent=5170"}],"wp:term":[{"taxonomy":"product_brand","embeddable":true,"href":"https:\/\/gartenrs.com.br\/home\/wp-json\/wp\/v2\/product_brand?post=5170"},{"taxonomy":"product_cat","embeddable":true,"href":"https:\/\/gartenrs.com.br\/home\/wp-json\/wp\/v2\/product_cat?post=5170"},{"taxonomy":"product_tag","embeddable":true,"href":"https:\/\/gartenrs.com.br\/home\/wp-json\/wp\/v2\/product_tag?post=5170"}],"curies":[{"name":"wp","href":"https:\/\/api.w.org\/{rel}","templated":true}]}}