{"id":5313,"date":"2026-04-24T08:59:48","date_gmt":"2026-04-24T11:59:48","guid":{"rendered":"https:\/\/gartenrs.com.br\/produto\/estojo-de-bombons-de-chocolate-ao-leite-com-ganache-de-laranja-72g-colecao-hortensia\/"},"modified":"2026-04-27T16:26:07","modified_gmt":"2026-04-27T19:26:07","slug":"estojo-de-bombons-de-chocolate-ao-leite-com-ganache-de-laranja-72g-colecao-hortensia","status":"publish","type":"product","link":"https:\/\/gartenrs.com.br\/home\/produto\/estojo-de-bombons-de-chocolate-ao-leite-com-ganache-de-laranja-72g-colecao-hortensia\/","title":{"rendered":"ESTOJO DE BOMBONS DE CHOCOLATE AO LEITE COM GANACHE DE LARANJA ? 72g  COLE\u00c7\u00c3O HORT\u00caNSIA"},"content":{"rendered":"","protected":false},"excerpt":{"rendered":"","protected":false},"featured_media":5931,"template":"","meta":{"_joinchat":[]},"product_brand":[],"product_cat":[133],"product_tag":[],"class_list":{"0":"post-5313","1":"product","2":"type-product","3":"status-publish","4":"has-post-thumbnail","6":"product_cat-alimentos","8":"first","9":"instock","10":"shipping-taxable","11":"purchasable","12":"product-type-simple"},"_links":{"self":[{"href":"https:\/\/gartenrs.com.br\/home\/wp-json\/wp\/v2\/product\/5313","targetHints":{"allow":["GET"]}}],"collection":[{"href":"https:\/\/gartenrs.com.br\/home\/wp-json\/wp\/v2\/product"}],"about":[{"href":"https:\/\/gartenrs.com.br\/home\/wp-json\/wp\/v2\/types\/product"}],"wp:featuredmedia":[{"embeddable":true,"href":"https:\/\/gartenrs.com.br\/home\/wp-json\/wp\/v2\/media\/5931"}],"wp:attachment":[{"href":"https:\/\/gartenrs.com.br\/home\/wp-json\/wp\/v2\/media?parent=5313"}],"wp:term":[{"taxonomy":"product_brand","embeddable":true,"href":"https:\/\/gartenrs.com.br\/home\/wp-json\/wp\/v2\/product_brand?post=5313"},{"taxonomy":"product_cat","embeddable":true,"href":"https:\/\/gartenrs.com.br\/home\/wp-json\/wp\/v2\/product_cat?post=5313"},{"taxonomy":"product_tag","embeddable":true,"href":"https:\/\/gartenrs.com.br\/home\/wp-json\/wp\/v2\/product_tag?post=5313"}],"curies":[{"name":"wp","href":"https:\/\/api.w.org\/{rel}","templated":true}]}}