{"id":5357,"date":"2026-04-24T09:01:43","date_gmt":"2026-04-24T12:01:43","guid":{"rendered":"https:\/\/gartenrs.com.br\/produto\/madeirinha-oracao-da-familia-bege-20x12\/"},"modified":"2026-04-27T16:27:39","modified_gmt":"2026-04-27T19:27:39","slug":"madeirinha-oracao-da-familia-bege-20x12","status":"publish","type":"product","link":"https:\/\/gartenrs.com.br\/home\/produto\/madeirinha-oracao-da-familia-bege-20x12\/","title":{"rendered":"MADEIRINHA ORA\u00c7\u00c3O DA FAM\u00cdLIA BEGE 20X12"},"content":{"rendered":"","protected":false},"excerpt":{"rendered":"","protected":false},"featured_media":5955,"template":"","meta":{"_joinchat":[]},"product_brand":[],"product_cat":[126],"product_tag":[],"class_list":{"0":"post-5357","1":"product","2":"type-product","3":"status-publish","4":"has-post-thumbnail","6":"product_cat-decoracao","8":"first","9":"instock","10":"shipping-taxable","11":"purchasable","12":"product-type-simple"},"_links":{"self":[{"href":"https:\/\/gartenrs.com.br\/home\/wp-json\/wp\/v2\/product\/5357","targetHints":{"allow":["GET"]}}],"collection":[{"href":"https:\/\/gartenrs.com.br\/home\/wp-json\/wp\/v2\/product"}],"about":[{"href":"https:\/\/gartenrs.com.br\/home\/wp-json\/wp\/v2\/types\/product"}],"wp:featuredmedia":[{"embeddable":true,"href":"https:\/\/gartenrs.com.br\/home\/wp-json\/wp\/v2\/media\/5955"}],"wp:attachment":[{"href":"https:\/\/gartenrs.com.br\/home\/wp-json\/wp\/v2\/media?parent=5357"}],"wp:term":[{"taxonomy":"product_brand","embeddable":true,"href":"https:\/\/gartenrs.com.br\/home\/wp-json\/wp\/v2\/product_brand?post=5357"},{"taxonomy":"product_cat","embeddable":true,"href":"https:\/\/gartenrs.com.br\/home\/wp-json\/wp\/v2\/product_cat?post=5357"},{"taxonomy":"product_tag","embeddable":true,"href":"https:\/\/gartenrs.com.br\/home\/wp-json\/wp\/v2\/product_tag?post=5357"}],"curies":[{"name":"wp","href":"https:\/\/api.w.org\/{rel}","templated":true}]}}