{"id":5375,"date":"2026-04-24T09:02:29","date_gmt":"2026-04-24T12:02:29","guid":{"rendered":"https:\/\/gartenrs.com.br\/produto\/porta-retrato-com-elastico-e-pote-com-mensagem-mae-passaros-20x25x75\/"},"modified":"2026-04-28T10:57:15","modified_gmt":"2026-04-28T13:57:15","slug":"porta-retrato-com-elastico-e-pote-com-mensagem-mae-passaros-20x25x75","status":"publish","type":"product","link":"https:\/\/gartenrs.com.br\/home\/produto\/porta-retrato-com-elastico-e-pote-com-mensagem-mae-passaros-20x25x75\/","title":{"rendered":"PORTA-RETRATO COM EL\u00c1STICO E POTE COM MENSAGEM M\u00c3E&#8230;P\u00c1SSAROS 20X25X7,5"},"content":{"rendered":"","protected":false},"excerpt":{"rendered":"","protected":false},"featured_media":6165,"template":"","meta":{"_joinchat":[]},"product_brand":[],"product_cat":[126],"product_tag":[],"class_list":{"0":"post-5375","1":"product","2":"type-product","3":"status-publish","4":"has-post-thumbnail","6":"product_cat-decoracao","8":"first","9":"instock","10":"shipping-taxable","11":"purchasable","12":"product-type-simple"},"_links":{"self":[{"href":"https:\/\/gartenrs.com.br\/home\/wp-json\/wp\/v2\/product\/5375","targetHints":{"allow":["GET"]}}],"collection":[{"href":"https:\/\/gartenrs.com.br\/home\/wp-json\/wp\/v2\/product"}],"about":[{"href":"https:\/\/gartenrs.com.br\/home\/wp-json\/wp\/v2\/types\/product"}],"wp:featuredmedia":[{"embeddable":true,"href":"https:\/\/gartenrs.com.br\/home\/wp-json\/wp\/v2\/media\/6165"}],"wp:attachment":[{"href":"https:\/\/gartenrs.com.br\/home\/wp-json\/wp\/v2\/media?parent=5375"}],"wp:term":[{"taxonomy":"product_brand","embeddable":true,"href":"https:\/\/gartenrs.com.br\/home\/wp-json\/wp\/v2\/product_brand?post=5375"},{"taxonomy":"product_cat","embeddable":true,"href":"https:\/\/gartenrs.com.br\/home\/wp-json\/wp\/v2\/product_cat?post=5375"},{"taxonomy":"product_tag","embeddable":true,"href":"https:\/\/gartenrs.com.br\/home\/wp-json\/wp\/v2\/product_tag?post=5375"}],"curies":[{"name":"wp","href":"https:\/\/api.w.org\/{rel}","templated":true}]}}