{"id":6320,"date":"2026-04-29T15:12:47","date_gmt":"2026-04-29T18:12:47","guid":{"rendered":"https:\/\/gartenrs.com.br\/home\/produto\/cha-branco-pessego-zero-acucar-gaseificado-libertea-269ml\/"},"modified":"2026-04-29T15:12:47","modified_gmt":"2026-04-29T18:12:47","slug":"cha-branco-pessego-zero-acucar-gaseificado-libertea-269ml","status":"publish","type":"product","link":"https:\/\/gartenrs.com.br\/home\/produto\/cha-branco-pessego-zero-acucar-gaseificado-libertea-269ml\/","title":{"rendered":"CH\u00c1 BRANCO P\u00caSSEGO ZERO A\u00c7\u00daCAR GASEIFICADO LIBERTEA 269ML"},"content":{"rendered":"","protected":false},"excerpt":{"rendered":"","protected":false},"featured_media":6319,"template":"","meta":{"_joinchat":[]},"product_brand":[],"product_cat":[139],"product_tag":[],"class_list":{"0":"post-6320","1":"product","2":"type-product","3":"status-publish","4":"has-post-thumbnail","6":"product_cat-cestaria","8":"first","9":"instock","10":"shipping-taxable","11":"purchasable","12":"product-type-simple"},"_links":{"self":[{"href":"https:\/\/gartenrs.com.br\/home\/wp-json\/wp\/v2\/product\/6320","targetHints":{"allow":["GET"]}}],"collection":[{"href":"https:\/\/gartenrs.com.br\/home\/wp-json\/wp\/v2\/product"}],"about":[{"href":"https:\/\/gartenrs.com.br\/home\/wp-json\/wp\/v2\/types\/product"}],"wp:featuredmedia":[{"embeddable":true,"href":"https:\/\/gartenrs.com.br\/home\/wp-json\/wp\/v2\/media\/6319"}],"wp:attachment":[{"href":"https:\/\/gartenrs.com.br\/home\/wp-json\/wp\/v2\/media?parent=6320"}],"wp:term":[{"taxonomy":"product_brand","embeddable":true,"href":"https:\/\/gartenrs.com.br\/home\/wp-json\/wp\/v2\/product_brand?post=6320"},{"taxonomy":"product_cat","embeddable":true,"href":"https:\/\/gartenrs.com.br\/home\/wp-json\/wp\/v2\/product_cat?post=6320"},{"taxonomy":"product_tag","embeddable":true,"href":"https:\/\/gartenrs.com.br\/home\/wp-json\/wp\/v2\/product_tag?post=6320"}],"curies":[{"name":"wp","href":"https:\/\/api.w.org\/{rel}","templated":true}]}}