{"id":6325,"date":"2026-04-29T15:14:17","date_gmt":"2026-04-29T18:14:17","guid":{"rendered":"https:\/\/gartenrs.com.br\/home\/produto\/dragea-de-grao-de-cafe-coberto-com-chocolate-branco-e-ao-leite-75g\/"},"modified":"2026-04-29T15:14:17","modified_gmt":"2026-04-29T18:14:17","slug":"dragea-de-grao-de-cafe-coberto-com-chocolate-branco-e-ao-leite-75g","status":"publish","type":"product","link":"https:\/\/gartenrs.com.br\/home\/produto\/dragea-de-grao-de-cafe-coberto-com-chocolate-branco-e-ao-leite-75g\/","title":{"rendered":"DR\u00c1GEA DE GR\u00c3O DE CAF\u00c9 COBERTO COM CHOCOLATE BRANCO E AO LEITE &#8211; 75g"},"content":{"rendered":"","protected":false},"excerpt":{"rendered":"","protected":false},"featured_media":6324,"template":"","meta":{"_joinchat":[]},"product_brand":[],"product_cat":[139],"product_tag":[],"class_list":{"0":"post-6325","1":"product","2":"type-product","3":"status-publish","4":"has-post-thumbnail","6":"product_cat-cestaria","8":"first","9":"instock","10":"shipping-taxable","11":"purchasable","12":"product-type-simple"},"_links":{"self":[{"href":"https:\/\/gartenrs.com.br\/home\/wp-json\/wp\/v2\/product\/6325","targetHints":{"allow":["GET"]}}],"collection":[{"href":"https:\/\/gartenrs.com.br\/home\/wp-json\/wp\/v2\/product"}],"about":[{"href":"https:\/\/gartenrs.com.br\/home\/wp-json\/wp\/v2\/types\/product"}],"wp:featuredmedia":[{"embeddable":true,"href":"https:\/\/gartenrs.com.br\/home\/wp-json\/wp\/v2\/media\/6324"}],"wp:attachment":[{"href":"https:\/\/gartenrs.com.br\/home\/wp-json\/wp\/v2\/media?parent=6325"}],"wp:term":[{"taxonomy":"product_brand","embeddable":true,"href":"https:\/\/gartenrs.com.br\/home\/wp-json\/wp\/v2\/product_brand?post=6325"},{"taxonomy":"product_cat","embeddable":true,"href":"https:\/\/gartenrs.com.br\/home\/wp-json\/wp\/v2\/product_cat?post=6325"},{"taxonomy":"product_tag","embeddable":true,"href":"https:\/\/gartenrs.com.br\/home\/wp-json\/wp\/v2\/product_tag?post=6325"}],"curies":[{"name":"wp","href":"https:\/\/api.w.org\/{rel}","templated":true}]}}